{"id":79,"date":"2017-02-08T19:23:18","date_gmt":"2017-02-08T17:23:18","guid":{"rendered":"https:\/\/raksatr.wordpress.com\/?page_id=79"},"modified":"2026-03-18T13:12:26","modified_gmt":"2026-03-18T13:12:26","slug":"muuraus","status":"publish","type":"page","link":"http:\/\/trrakennus.fi\/index.php\/muuraus\/","title":{"rendered":"Muuraus"},"content":{"rendered":"<p>Teen my\u00f6s muuraust\u00f6it\u00e4. T\u00e4ss\u00e4 muutamia esimerkkej\u00e4.<\/p>\n<p>\u00a0<\/p>\n\n\n<figure class=\"wp-block-image size-large\"><img loading=\"lazy\" decoding=\"async\" width=\"576\" height=\"1024\" src=\"https:\/\/trrakennus.fi\/wp-content\/uploads\/2026\/03\/muuraus-1-576x1024.jpeg\" alt=\"\" class=\"wp-image-221\" srcset=\"http:\/\/trrakennus.fi\/wp-content\/uploads\/2026\/03\/muuraus-1-576x1024.jpeg 576w, http:\/\/trrakennus.fi\/wp-content\/uploads\/2026\/03\/muuraus-1-169x300.jpeg 169w, http:\/\/trrakennus.fi\/wp-content\/uploads\/2026\/03\/muuraus-1-768x1365.jpeg 768w, http:\/\/trrakennus.fi\/wp-content\/uploads\/2026\/03\/muuraus-1-864x1536.jpeg 864w, http:\/\/trrakennus.fi\/wp-content\/uploads\/2026\/03\/muuraus-1-1152x2048.jpeg 1152w, http:\/\/trrakennus.fi\/wp-content\/uploads\/2026\/03\/muuraus-1-scaled.jpeg 1440w\" sizes=\"auto, (max-width: 576px) 100vw, 576px\" \/><\/figure>\n\n\n\n<figure class=\"wp-block-image size-large\"><img loading=\"lazy\" decoding=\"async\" width=\"1024\" height=\"768\" src=\"https:\/\/trrakennus.fi\/wp-content\/uploads\/2026\/03\/muuraus-2-1024x768.jpeg\" alt=\"\" class=\"wp-image-222\" srcset=\"http:\/\/trrakennus.fi\/wp-content\/uploads\/2026\/03\/muuraus-2-1024x768.jpeg 1024w, http:\/\/trrakennus.fi\/wp-content\/uploads\/2026\/03\/muuraus-2-300x225.jpeg 300w, http:\/\/trrakennus.fi\/wp-content\/uploads\/2026\/03\/muuraus-2-768x576.jpeg 768w, http:\/\/trrakennus.fi\/wp-content\/uploads\/2026\/03\/muuraus-2-1536x1152.jpeg 1536w, http:\/\/trrakennus.fi\/wp-content\/uploads\/2026\/03\/muuraus-2-2048x1536.jpeg 2048w\" sizes=\"auto, (max-width: 1024px) 100vw, 1024px\" \/><\/figure>\n\n\n\n<figure class=\"wp-block-image size-large\"><img loading=\"lazy\" decoding=\"async\" width=\"1024\" height=\"768\" src=\"https:\/\/trrakennus.fi\/wp-content\/uploads\/2026\/03\/muuraus-3-1024x768.jpeg\" alt=\"\" class=\"wp-image-223\" srcset=\"http:\/\/trrakennus.fi\/wp-content\/uploads\/2026\/03\/muuraus-3-1024x768.jpeg 1024w, http:\/\/trrakennus.fi\/wp-content\/uploads\/2026\/03\/muuraus-3-300x225.jpeg 300w, http:\/\/trrakennus.fi\/wp-content\/uploads\/2026\/03\/muuraus-3-768x576.jpeg 768w, http:\/\/trrakennus.fi\/wp-content\/uploads\/2026\/03\/muuraus-3-1536x1152.jpeg 1536w, http:\/\/trrakennus.fi\/wp-content\/uploads\/2026\/03\/muuraus-3-2048x1536.jpeg 2048w\" sizes=\"auto, (max-width: 1024px) 100vw, 1024px\" \/><\/figure>\n\n\n\n<figure class=\"wp-block-image size-large\"><img loading=\"lazy\" decoding=\"async\" width=\"1024\" height=\"768\" src=\"https:\/\/trrakennus.fi\/wp-content\/uploads\/2026\/03\/muuraus-4-1024x768.jpeg\" alt=\"\" class=\"wp-image-224\" srcset=\"http:\/\/trrakennus.fi\/wp-content\/uploads\/2026\/03\/muuraus-4-1024x768.jpeg 1024w, http:\/\/trrakennus.fi\/wp-content\/uploads\/2026\/03\/muuraus-4-300x225.jpeg 300w, http:\/\/trrakennus.fi\/wp-content\/uploads\/2026\/03\/muuraus-4-768x576.jpeg 768w, http:\/\/trrakennus.fi\/wp-content\/uploads\/2026\/03\/muuraus-4-1536x1152.jpeg 1536w, http:\/\/trrakennus.fi\/wp-content\/uploads\/2026\/03\/muuraus-4-2048x1536.jpeg 2048w\" sizes=\"auto, (max-width: 1024px) 100vw, 1024px\" \/><\/figure>\n","protected":false},"excerpt":{"rendered":"<p>Teen my\u00f6s muuraust\u00f6it\u00e4. T\u00e4ss\u00e4 muutamia esimerkkej\u00e4. \u00a0<\/p>\n","protected":false},"author":1,"featured_media":0,"parent":0,"menu_order":0,"comment_status":"closed","ping_status":"closed","template":"","meta":{"footnotes":""},"class_list":["post-79","page","type-page","status-publish","hentry"],"_links":{"self":[{"href":"http:\/\/trrakennus.fi\/index.php\/wp-json\/wp\/v2\/pages\/79","targetHints":{"allow":["GET"]}}],"collection":[{"href":"http:\/\/trrakennus.fi\/index.php\/wp-json\/wp\/v2\/pages"}],"about":[{"href":"http:\/\/trrakennus.fi\/index.php\/wp-json\/wp\/v2\/types\/page"}],"author":[{"embeddable":true,"href":"http:\/\/trrakennus.fi\/index.php\/wp-json\/wp\/v2\/users\/1"}],"replies":[{"embeddable":true,"href":"http:\/\/trrakennus.fi\/index.php\/wp-json\/wp\/v2\/comments?post=79"}],"version-history":[{"count":2,"href":"http:\/\/trrakennus.fi\/index.php\/wp-json\/wp\/v2\/pages\/79\/revisions"}],"predecessor-version":[{"id":225,"href":"http:\/\/trrakennus.fi\/index.php\/wp-json\/wp\/v2\/pages\/79\/revisions\/225"}],"wp:attachment":[{"href":"http:\/\/trrakennus.fi\/index.php\/wp-json\/wp\/v2\/media?parent=79"}],"curies":[{"name":"wp","href":"https:\/\/api.w.org\/{rel}","templated":true}]}}