{"id":72,"date":"2017-02-07T19:56:56","date_gmt":"2017-02-07T17:56:56","guid":{"rendered":"https:\/\/raksatr.wordpress.com\/?page_id=72"},"modified":"2017-02-07T19:56:56","modified_gmt":"2017-02-07T17:56:56","slug":"mokkitalkkari","status":"publish","type":"page","link":"http:\/\/trrakennus.fi\/index.php\/mokkitalkkari\/","title":{"rendered":"M\u00f6kkitalkkari"},"content":{"rendered":"<p>Tarjoan m\u00f6kkitalkkarin palveluita Someron ja Salon seuduilla.\u00a0 Huolehdin kiinteist\u00f6n tarkistuksista, kun itse et p\u00e4\u00e4se paikalle\u00a0ja tarvittaessa teen my\u00f6s kiinteist\u00f6n huoltoon ja remontointiin liittyvi\u00e4 t\u00f6it\u00e4. N\u00e4it\u00e4 voivat olla esim. r\u00e4nnien puhdistus, ruohonleikkuu, polttopuiden teko yms. Ota yhteytt\u00e4 ja kerro, mink\u00e4laista palvelua juuri teille tarvitaan.<\/p>\n","protected":false},"excerpt":{"rendered":"<p>Tarjoan m\u00f6kkitalkkarin palveluita Someron ja Salon seuduilla.\u00a0 Huolehdin kiinteist\u00f6n tarkistuksista, kun itse et p\u00e4\u00e4se paikalle\u00a0ja tarvittaessa teen my\u00f6s kiinteist\u00f6n huoltoon ja remontointiin liittyvi\u00e4 t\u00f6it\u00e4. N\u00e4it\u00e4 voivat olla esim. r\u00e4nnien puhdistus, ruohonleikkuu, polttopuiden teko yms. Ota yhteytt\u00e4 ja kerro, mink\u00e4laista palvelua juuri teille tarvitaan.<\/p>\n","protected":false},"author":1,"featured_media":0,"parent":0,"menu_order":0,"comment_status":"closed","ping_status":"closed","template":"","meta":{"footnotes":""},"class_list":["post-72","page","type-page","status-publish","hentry"],"_links":{"self":[{"href":"http:\/\/trrakennus.fi\/index.php\/wp-json\/wp\/v2\/pages\/72","targetHints":{"allow":["GET"]}}],"collection":[{"href":"http:\/\/trrakennus.fi\/index.php\/wp-json\/wp\/v2\/pages"}],"about":[{"href":"http:\/\/trrakennus.fi\/index.php\/wp-json\/wp\/v2\/types\/page"}],"author":[{"embeddable":true,"href":"http:\/\/trrakennus.fi\/index.php\/wp-json\/wp\/v2\/users\/1"}],"replies":[{"embeddable":true,"href":"http:\/\/trrakennus.fi\/index.php\/wp-json\/wp\/v2\/comments?post=72"}],"version-history":[{"count":0,"href":"http:\/\/trrakennus.fi\/index.php\/wp-json\/wp\/v2\/pages\/72\/revisions"}],"wp:attachment":[{"href":"http:\/\/trrakennus.fi\/index.php\/wp-json\/wp\/v2\/media?parent=72"}],"curies":[{"name":"wp","href":"https:\/\/api.w.org\/{rel}","templated":true}]}}