{"id":61,"date":"2017-02-07T19:31:45","date_gmt":"2017-02-07T17:31:45","guid":{"rendered":"https:\/\/raksatr.wordpress.com\/?page_id=61"},"modified":"2026-03-18T13:15:08","modified_gmt":"2026-03-18T13:15:08","slug":"piharakentaminen-ja-mokkitalkkari","status":"publish","type":"page","link":"http:\/\/trrakennus.fi\/index.php\/piharakentaminen-ja-mokkitalkkari\/","title":{"rendered":"Piharakentaminen"},"content":{"rendered":"\n<p><strong>AVANT-pienkuormaimen avulla onnistuvat monet pihaty\u00f6t<\/strong><\/p>\n\n\n\n<p>M\u00f6nkij\u00e4n ja tukkik\u00e4rryjen lis\u00e4ksi k\u00e4yt\u00f6ss\u00e4 on kaksi Avant-pienkuormainta ja useampia oheislaitteita;<\/p>\n\n\n\n<ul class=\"wp-block-list\">\n<li>etukauha<\/li>\n\n\n\n<li>minikaivuri<\/li>\n\n\n\n<li>ruohonleikkuri<\/li>\n\n\n\n<li>niittokone<\/li>\n\n\n\n<li>suurs\u00e4kkinostin<\/li>\n\n\n\n<li>trukkipiikit<\/li>\n\n\n\n<li>hakettaja<\/li>\n\n\n\n<li>etulevy lumit\u00f6ihin<\/li>\n\n\n\n<li>maapora\/ ruuvipaalujen kiert\u00e4j\u00e4<\/li>\n<\/ul>\n\n\n\n<h3 class=\"wp-block-heading\">Pihat\u00f6it\u00e4<\/h3>\n\n\n\n<figure class=\"wp-block-image size-large\"><img loading=\"lazy\" decoding=\"async\" width=\"1024\" height=\"768\" src=\"https:\/\/trrakennus.fi\/wp-content\/uploads\/2026\/03\/pihatyo-1-1024x768.jpeg\" alt=\"Maisemointia\" class=\"wp-image-226\" srcset=\"http:\/\/trrakennus.fi\/wp-content\/uploads\/2026\/03\/pihatyo-1-1024x768.jpeg 1024w, http:\/\/trrakennus.fi\/wp-content\/uploads\/2026\/03\/pihatyo-1-300x225.jpeg 300w, http:\/\/trrakennus.fi\/wp-content\/uploads\/2026\/03\/pihatyo-1-768x576.jpeg 768w, http:\/\/trrakennus.fi\/wp-content\/uploads\/2026\/03\/pihatyo-1-1536x1152.jpeg 1536w, http:\/\/trrakennus.fi\/wp-content\/uploads\/2026\/03\/pihatyo-1.jpeg 2000w\" sizes=\"auto, (max-width: 1024px) 100vw, 1024px\" \/><\/figure>\n\n\n\n<p>Pihan maisemointia.<\/p>\n\n\n\n<figure class=\"wp-block-image size-large\"><img loading=\"lazy\" decoding=\"async\" width=\"768\" height=\"1024\" src=\"https:\/\/trrakennus.fi\/wp-content\/uploads\/2026\/03\/pihatyo-2-768x1024.jpeg\" alt=\"\" class=\"wp-image-228\" srcset=\"http:\/\/trrakennus.fi\/wp-content\/uploads\/2026\/03\/pihatyo-2-768x1024.jpeg 768w, http:\/\/trrakennus.fi\/wp-content\/uploads\/2026\/03\/pihatyo-2-225x300.jpeg 225w, http:\/\/trrakennus.fi\/wp-content\/uploads\/2026\/03\/pihatyo-2-1152x1536.jpeg 1152w, http:\/\/trrakennus.fi\/wp-content\/uploads\/2026\/03\/pihatyo-2-1536x2048.jpeg 1536w, http:\/\/trrakennus.fi\/wp-content\/uploads\/2026\/03\/pihatyo-2-scaled.jpeg 1920w\" sizes=\"auto, (max-width: 768px) 100vw, 768px\" \/><\/figure>\n\n\n\n<figure class=\"wp-block-gallery has-nested-images columns-3 is-cropped wp-block-gallery-1 is-layout-flex wp-block-gallery-is-layout-flex\">\n<figure class=\"wp-block-image size-large\"><img loading=\"lazy\" decoding=\"async\" width=\"1024\" height=\"576\" data-id=\"51\" src=\"https:\/\/trrakennus.fi\/wp-content\/uploads\/2017\/02\/wp_20161009_10_24_54_pro-1024x576.jpg\" alt=\"\" class=\"wp-image-51\" srcset=\"http:\/\/trrakennus.fi\/wp-content\/uploads\/2017\/02\/wp_20161009_10_24_54_pro-1024x576.jpg 1024w, http:\/\/trrakennus.fi\/wp-content\/uploads\/2017\/02\/wp_20161009_10_24_54_pro-300x169.jpg 300w, http:\/\/trrakennus.fi\/wp-content\/uploads\/2017\/02\/wp_20161009_10_24_54_pro-768x432.jpg 768w, http:\/\/trrakennus.fi\/wp-content\/uploads\/2017\/02\/wp_20161009_10_24_54_pro-1536x864.jpg 1536w, http:\/\/trrakennus.fi\/wp-content\/uploads\/2017\/02\/wp_20161009_10_24_54_pro.jpg 1632w\" sizes=\"auto, (max-width: 1024px) 100vw, 1024px\" \/><\/figure>\n\n\n\n<figure class=\"wp-block-image size-large\"><img loading=\"lazy\" decoding=\"async\" width=\"1024\" height=\"576\" data-id=\"49\" src=\"https:\/\/trrakennus.fi\/wp-content\/uploads\/2017\/02\/wp_20160823_20_24_41_pro-1024x576.jpg\" alt=\"\" class=\"wp-image-49\" srcset=\"http:\/\/trrakennus.fi\/wp-content\/uploads\/2017\/02\/wp_20160823_20_24_41_pro-1024x576.jpg 1024w, http:\/\/trrakennus.fi\/wp-content\/uploads\/2017\/02\/wp_20160823_20_24_41_pro-300x169.jpg 300w, http:\/\/trrakennus.fi\/wp-content\/uploads\/2017\/02\/wp_20160823_20_24_41_pro-768x432.jpg 768w, http:\/\/trrakennus.fi\/wp-content\/uploads\/2017\/02\/wp_20160823_20_24_41_pro-1536x864.jpg 1536w, http:\/\/trrakennus.fi\/wp-content\/uploads\/2017\/02\/wp_20160823_20_24_41_pro.jpg 1632w\" sizes=\"auto, (max-width: 1024px) 100vw, 1024px\" \/><\/figure>\n\n\n\n<figure class=\"wp-block-image size-large\"><img loading=\"lazy\" decoding=\"async\" width=\"1024\" height=\"576\" data-id=\"50\" src=\"https:\/\/trrakennus.fi\/wp-content\/uploads\/2017\/02\/wp_20160908_18_40_39_pro-1024x576.jpg\" alt=\"\" class=\"wp-image-50\" srcset=\"http:\/\/trrakennus.fi\/wp-content\/uploads\/2017\/02\/wp_20160908_18_40_39_pro-1024x576.jpg 1024w, http:\/\/trrakennus.fi\/wp-content\/uploads\/2017\/02\/wp_20160908_18_40_39_pro-300x169.jpg 300w, http:\/\/trrakennus.fi\/wp-content\/uploads\/2017\/02\/wp_20160908_18_40_39_pro-768x432.jpg 768w, http:\/\/trrakennus.fi\/wp-content\/uploads\/2017\/02\/wp_20160908_18_40_39_pro-1536x864.jpg 1536w, http:\/\/trrakennus.fi\/wp-content\/uploads\/2017\/02\/wp_20160908_18_40_39_pro.jpg 1632w\" sizes=\"auto, (max-width: 1024px) 100vw, 1024px\" \/><\/figure>\n\n\n\n<figure class=\"wp-block-image size-large\"><img loading=\"lazy\" decoding=\"async\" width=\"1024\" height=\"576\" data-id=\"44\" src=\"https:\/\/trrakennus.fi\/wp-content\/uploads\/2017\/02\/wp_20151014_14_53_32_pro-1024x576.jpg\" alt=\"\" class=\"wp-image-44\" srcset=\"http:\/\/trrakennus.fi\/wp-content\/uploads\/2017\/02\/wp_20151014_14_53_32_pro-1024x576.jpg 1024w, http:\/\/trrakennus.fi\/wp-content\/uploads\/2017\/02\/wp_20151014_14_53_32_pro-300x169.jpg 300w, http:\/\/trrakennus.fi\/wp-content\/uploads\/2017\/02\/wp_20151014_14_53_32_pro-768x432.jpg 768w, http:\/\/trrakennus.fi\/wp-content\/uploads\/2017\/02\/wp_20151014_14_53_32_pro-1536x864.jpg 1536w, http:\/\/trrakennus.fi\/wp-content\/uploads\/2017\/02\/wp_20151014_14_53_32_pro.jpg 1632w\" sizes=\"auto, (max-width: 1024px) 100vw, 1024px\" \/><\/figure>\n\n\n\n<figure class=\"wp-block-image size-large\"><img loading=\"lazy\" decoding=\"async\" width=\"1024\" height=\"576\" data-id=\"52\" src=\"https:\/\/trrakennus.fi\/wp-content\/uploads\/2017\/02\/wp_20161009_12_06_22_pro-1024x576.jpg\" alt=\"\" class=\"wp-image-52\" srcset=\"http:\/\/trrakennus.fi\/wp-content\/uploads\/2017\/02\/wp_20161009_12_06_22_pro-1024x576.jpg 1024w, http:\/\/trrakennus.fi\/wp-content\/uploads\/2017\/02\/wp_20161009_12_06_22_pro-300x169.jpg 300w, http:\/\/trrakennus.fi\/wp-content\/uploads\/2017\/02\/wp_20161009_12_06_22_pro-768x432.jpg 768w, http:\/\/trrakennus.fi\/wp-content\/uploads\/2017\/02\/wp_20161009_12_06_22_pro-1536x864.jpg 1536w, http:\/\/trrakennus.fi\/wp-content\/uploads\/2017\/02\/wp_20161009_12_06_22_pro.jpg 1632w\" sizes=\"auto, (max-width: 1024px) 100vw, 1024px\" \/><\/figure>\n\n\n\n<figure class=\"wp-block-image size-large\"><img loading=\"lazy\" decoding=\"async\" width=\"718\" height=\"538\" data-id=\"91\" src=\"https:\/\/trrakennus.fi\/wp-content\/uploads\/2017\/02\/wp_000296.jpg\" alt=\"\" class=\"wp-image-91\" srcset=\"http:\/\/trrakennus.fi\/wp-content\/uploads\/2017\/02\/wp_000296.jpg 718w, http:\/\/trrakennus.fi\/wp-content\/uploads\/2017\/02\/wp_000296-300x225.jpg 300w\" sizes=\"auto, (max-width: 718px) 100vw, 718px\" \/><\/figure>\n<\/figure>\n\n\n\n<p>&nbsp;<\/p>\n\n\n\n<p>&nbsp;<\/p>\n","protected":false},"excerpt":{"rendered":"<p>AVANT-pienkuormaimen avulla onnistuvat monet pihaty\u00f6t M\u00f6nkij\u00e4n ja tukkik\u00e4rryjen lis\u00e4ksi k\u00e4yt\u00f6ss\u00e4 on kaksi Avant-pienkuormainta ja useampia oheislaitteita; Pihat\u00f6it\u00e4 Pihan maisemointia. &nbsp; &nbsp;<\/p>\n","protected":false},"author":1,"featured_media":0,"parent":0,"menu_order":0,"comment_status":"closed","ping_status":"closed","template":"","meta":{"footnotes":""},"class_list":["post-61","page","type-page","status-publish","hentry"],"_links":{"self":[{"href":"http:\/\/trrakennus.fi\/index.php\/wp-json\/wp\/v2\/pages\/61","targetHints":{"allow":["GET"]}}],"collection":[{"href":"http:\/\/trrakennus.fi\/index.php\/wp-json\/wp\/v2\/pages"}],"about":[{"href":"http:\/\/trrakennus.fi\/index.php\/wp-json\/wp\/v2\/types\/page"}],"author":[{"embeddable":true,"href":"http:\/\/trrakennus.fi\/index.php\/wp-json\/wp\/v2\/users\/1"}],"replies":[{"embeddable":true,"href":"http:\/\/trrakennus.fi\/index.php\/wp-json\/wp\/v2\/comments?post=61"}],"version-history":[{"count":3,"href":"http:\/\/trrakennus.fi\/index.php\/wp-json\/wp\/v2\/pages\/61\/revisions"}],"predecessor-version":[{"id":230,"href":"http:\/\/trrakennus.fi\/index.php\/wp-json\/wp\/v2\/pages\/61\/revisions\/230"}],"wp:attachment":[{"href":"http:\/\/trrakennus.fi\/index.php\/wp-json\/wp\/v2\/media?parent=61"}],"curies":[{"name":"wp","href":"https:\/\/api.w.org\/{rel}","templated":true}]}}