{"id":164,"date":"2026-03-13T15:28:08","date_gmt":"2026-03-13T15:28:08","guid":{"rendered":"http:\/\/31.217.196.118\/~kdcvcrim\/?page_id=164"},"modified":"2026-03-13T15:28:08","modified_gmt":"2026-03-13T15:28:08","slug":"remonttikartoitus-ja-projektinjohto","status":"publish","type":"page","link":"http:\/\/trrakennus.fi\/index.php\/remonttikartoitus-ja-projektinjohto\/","title":{"rendered":"Remonttikartoitus ja projektinjohto"},"content":{"rendered":"\n<p>Suunnitteletko remonttia mutta et tied\u00e4 mist\u00e4 aloittaa?<br>TR Rakennus tarjoaa asiantuntevaa remonttikartoitusta ja projektinjohtoa, jonka avulla remontti etenee hallitusti alusta loppuun.<\/p>\n\n\n\n<p>Kartoitamme kohteen paikan p\u00e4\u00e4ll\u00e4 ja arvioimme:<\/p>\n\n\n\n<ul class=\"wp-block-list\">\n<li>korjausrakentamisen tarpeet<\/li>\n\n\n\n<li>mahdolliset runkorakenteiden korjaukset<\/li>\n\n\n\n<li>m\u00e4rk\u00e4tilojen remonttitarpeet<\/li>\n\n\n\n<li>pintarakenteiden uusimisen<\/li>\n\n\n\n<li>pihan ja ulkorakenteiden ty\u00f6t<\/li>\n<\/ul>\n\n\n\n<p>Tarvittaessa j\u00e4rjest\u00e4mme projektiin luotettavat yhteisty\u00f6kumppanit, kuten:<\/p>\n\n\n\n<ul class=\"wp-block-list\">\n<li>putkiasentajat<\/li>\n\n\n\n<li>s\u00e4hk\u00f6asentajat<\/li>\n\n\n\n<li>pintak\u00e4sittelij\u00e4t<\/li>\n\n\n\n<li>muut erikoisammattilaiset<\/li>\n<\/ul>\n\n\n\n<p>Voimme my\u00f6s hoitaa koko remontin&nbsp;<strong>projektinjohdon<\/strong>, jolloin ty\u00f6 etenee suunnitelmallisesti ja asiakkaan ei tarvitse koordinoida eri tekij\u00f6it\u00e4 itse.<\/p>\n","protected":false},"excerpt":{"rendered":"<p>Suunnitteletko remonttia mutta et tied\u00e4 mist\u00e4 aloittaa?TR Rakennus tarjoaa asiantuntevaa remonttikartoitusta ja projektinjohtoa, jonka avulla remontti etenee hallitusti alusta loppuun. Kartoitamme kohteen paikan p\u00e4\u00e4ll\u00e4 ja arvioimme: Tarvittaessa j\u00e4rjest\u00e4mme projektiin luotettavat yhteisty\u00f6kumppanit, kuten: Voimme my\u00f6s hoitaa koko remontin&nbsp;projektinjohdon, jolloin ty\u00f6 etenee suunnitelmallisesti ja asiakkaan ei tarvitse koordinoida eri tekij\u00f6it\u00e4 itse.<\/p>\n","protected":false},"author":1,"featured_media":0,"parent":0,"menu_order":0,"comment_status":"closed","ping_status":"closed","template":"","meta":{"footnotes":""},"class_list":["post-164","page","type-page","status-publish","hentry"],"_links":{"self":[{"href":"http:\/\/trrakennus.fi\/index.php\/wp-json\/wp\/v2\/pages\/164","targetHints":{"allow":["GET"]}}],"collection":[{"href":"http:\/\/trrakennus.fi\/index.php\/wp-json\/wp\/v2\/pages"}],"about":[{"href":"http:\/\/trrakennus.fi\/index.php\/wp-json\/wp\/v2\/types\/page"}],"author":[{"embeddable":true,"href":"http:\/\/trrakennus.fi\/index.php\/wp-json\/wp\/v2\/users\/1"}],"replies":[{"embeddable":true,"href":"http:\/\/trrakennus.fi\/index.php\/wp-json\/wp\/v2\/comments?post=164"}],"version-history":[{"count":1,"href":"http:\/\/trrakennus.fi\/index.php\/wp-json\/wp\/v2\/pages\/164\/revisions"}],"predecessor-version":[{"id":165,"href":"http:\/\/trrakennus.fi\/index.php\/wp-json\/wp\/v2\/pages\/164\/revisions\/165"}],"wp:attachment":[{"href":"http:\/\/trrakennus.fi\/index.php\/wp-json\/wp\/v2\/media?parent=164"}],"curies":[{"name":"wp","href":"https:\/\/api.w.org\/{rel}","templated":true}]}}