{"id":132,"date":"2017-01-31T23:03:34","date_gmt":"2017-01-31T21:03:34","guid":{"rendered":"https:\/\/raksatr.wordpress.com\/?page_id=3"},"modified":"2017-01-31T23:03:34","modified_gmt":"2017-01-31T21:03:34","slug":"about","status":"publish","type":"page","link":"http:\/\/trrakennus.fi\/index.php\/about\/","title":{"rendered":"Rakentaminen ja remontointi"},"content":{"rendered":"<p>Tarvitsetko uudisrakennusta tai remontoitko vanhaa? Ota yhteytt\u00e4 ja katsotaan, miten voin auttaa. Kokemusta on rakentamisesta omakotitaloista maatilarakennuksiin. Paljon on tehty my\u00f6s pienempi\u00e4 piharakennuksia huusseista varastoihin. Kaikenlaiset remonttity\u00f6t tehd\u00e4\u00e4n asiakkaan toiveiden mukaisesti.<\/p>\n<p><img loading=\"lazy\" decoding=\"async\" class=\"alignnone wp-image-57\" src=\"http:\/\/31.217.196.118\/~kdcvcrim\/wp-content\/uploads\/2017\/02\/cropped-navettaprojekti-0504.jpg?w=300\" alt=\"cropped-navettaprojekti-0504.jpg\" width=\"243\" height=\"243\" srcset=\"http:\/\/trrakennus.fi\/wp-content\/uploads\/2017\/02\/cropped-navettaprojekti-0504.jpg 512w, http:\/\/trrakennus.fi\/wp-content\/uploads\/2017\/02\/cropped-navettaprojekti-0504-300x300.jpg 300w, http:\/\/trrakennus.fi\/wp-content\/uploads\/2017\/02\/cropped-navettaprojekti-0504-150x150.jpg 150w\" sizes=\"auto, (max-width: 243px) 100vw, 243px\" \/> <img loading=\"lazy\" decoding=\"async\" class=\"alignnone wp-image-46\" src=\"http:\/\/31.217.196.118\/~kdcvcrim\/wp-content\/uploads\/2017\/02\/wp_20160219_18_39_18_pro.jpg?w=168\" alt=\"wp_20160219_18_39_18_pro\" width=\"136\" height=\"244\" srcset=\"http:\/\/trrakennus.fi\/wp-content\/uploads\/2017\/02\/wp_20160219_18_39_18_pro.jpg 912w, http:\/\/trrakennus.fi\/wp-content\/uploads\/2017\/02\/wp_20160219_18_39_18_pro-168x300.jpg 168w, http:\/\/trrakennus.fi\/wp-content\/uploads\/2017\/02\/wp_20160219_18_39_18_pro-572x1024.jpg 572w, http:\/\/trrakennus.fi\/wp-content\/uploads\/2017\/02\/wp_20160219_18_39_18_pro-768x1374.jpg 768w, http:\/\/trrakennus.fi\/wp-content\/uploads\/2017\/02\/wp_20160219_18_39_18_pro-858x1536.jpg 858w\" sizes=\"auto, (max-width: 136px) 100vw, 136px\" \/> <img loading=\"lazy\" decoding=\"async\" class=\"alignnone wp-image-45\" src=\"http:\/\/31.217.196.118\/~kdcvcrim\/wp-content\/uploads\/2017\/02\/wp_20160218_16_39_20_pro.jpg?w=168\" alt=\"wp_20160218_16_39_20_pro\" width=\"136\" height=\"244\" srcset=\"http:\/\/trrakennus.fi\/wp-content\/uploads\/2017\/02\/wp_20160218_16_39_20_pro.jpg 912w, http:\/\/trrakennus.fi\/wp-content\/uploads\/2017\/02\/wp_20160218_16_39_20_pro-168x300.jpg 168w, http:\/\/trrakennus.fi\/wp-content\/uploads\/2017\/02\/wp_20160218_16_39_20_pro-572x1024.jpg 572w, http:\/\/trrakennus.fi\/wp-content\/uploads\/2017\/02\/wp_20160218_16_39_20_pro-768x1374.jpg 768w, http:\/\/trrakennus.fi\/wp-content\/uploads\/2017\/02\/wp_20160218_16_39_20_pro-858x1536.jpg 858w\" sizes=\"auto, (max-width: 136px) 100vw, 136px\" \/><\/p>\n<div id='gallery-1' class='gallery galleryid-132 gallery-columns-3 gallery-size-thumbnail'><figure class='gallery-item'>\n\t\t\t<div class='gallery-icon landscape'>\n\t\t\t\t<a href='http:\/\/trrakennus.fi\/index.php\/about\/cropped-kallen-mc3b6kki-0092-jpg\/'><img loading=\"lazy\" decoding=\"async\" width=\"150\" height=\"150\" src=\"http:\/\/trrakennus.fi\/wp-content\/uploads\/2017\/02\/cropped-kallen-mc3b6kki-0092-150x150.jpg\" class=\"attachment-thumbnail size-thumbnail\" alt=\"\" \/><\/a>\n\t\t\t<\/div><\/figure><figure class='gallery-item'>\n\t\t\t<div class='gallery-icon landscape'>\n\t\t\t\t<a href='http:\/\/trrakennus.fi\/index.php\/about\/wp_20160624_12_02_22_pro\/'><img loading=\"lazy\" decoding=\"async\" width=\"150\" height=\"150\" src=\"http:\/\/trrakennus.fi\/wp-content\/uploads\/2017\/02\/wp_20160624_12_02_22_pro-150x150.jpg\" class=\"attachment-thumbnail size-thumbnail\" alt=\"\" \/><\/a>\n\t\t\t<\/div><\/figure>\n\t\t<\/div>\n\n<div id='gallery-2' class='gallery galleryid-132 gallery-columns-3 gallery-size-thumbnail'><figure class='gallery-item'>\n\t\t\t<div class='gallery-icon landscape'>\n\t\t\t\t<a href='http:\/\/trrakennus.fi\/index.php\/about\/wp_20150830_19_47_55_pro\/'><img loading=\"lazy\" decoding=\"async\" width=\"150\" height=\"150\" src=\"http:\/\/trrakennus.fi\/wp-content\/uploads\/2017\/02\/wp_20150830_19_47_55_pro-150x150.jpg\" class=\"attachment-thumbnail size-thumbnail\" alt=\"\" \/><\/a>\n\t\t\t<\/div><\/figure>\n\t\t<\/div>\n\n<p>&nbsp;<\/p>\n","protected":false},"excerpt":{"rendered":"<p>This is just a short excerpt for the about&nbsp;page.<\/p>\n","protected":false},"author":1,"featured_media":0,"parent":0,"menu_order":1,"comment_status":"closed","ping_status":"closed","template":"","meta":{"footnotes":""},"class_list":["post-132","page","type-page","status-publish","hentry"],"_links":{"self":[{"href":"http:\/\/trrakennus.fi\/index.php\/wp-json\/wp\/v2\/pages\/132","targetHints":{"allow":["GET"]}}],"collection":[{"href":"http:\/\/trrakennus.fi\/index.php\/wp-json\/wp\/v2\/pages"}],"about":[{"href":"http:\/\/trrakennus.fi\/index.php\/wp-json\/wp\/v2\/types\/page"}],"author":[{"embeddable":true,"href":"http:\/\/trrakennus.fi\/index.php\/wp-json\/wp\/v2\/users\/1"}],"replies":[{"embeddable":true,"href":"http:\/\/trrakennus.fi\/index.php\/wp-json\/wp\/v2\/comments?post=132"}],"version-history":[{"count":0,"href":"http:\/\/trrakennus.fi\/index.php\/wp-json\/wp\/v2\/pages\/132\/revisions"}],"wp:attachment":[{"href":"http:\/\/trrakennus.fi\/index.php\/wp-json\/wp\/v2\/media?parent=132"}],"curies":[{"name":"wp","href":"https:\/\/api.w.org\/{rel}","templated":true}]}}